{"id":27,"date":"2024-11-14T15:02:58","date_gmt":"2024-11-14T14:02:58","guid":{"rendered":"https:\/\/rheanov.com\/?page_id=27"},"modified":"2025-01-28T18:36:46","modified_gmt":"2025-01-28T17:36:46","slug":"contact","status":"publish","type":"page","link":"https:\/\/rheanov.com\/index.php\/contact\/","title":{"rendered":"Contact"},"content":{"rendered":"\n<div class=\"wp-block-cover alignfull is-light has-global-padding is-layout-constrained wp-container-core-cover-is-layout-935a16cf wp-block-cover-is-layout-constrained\" style=\"margin-top:0;margin-bottom:0;padding-top:2%;padding-bottom:var(--wp--preset--spacing--20);min-height:284px;aspect-ratio:unset;\"><span aria-hidden=\"true\" class=\"wp-block-cover__background has-background-dim-0 has-background-dim\" style=\"background-color:#c1bfa4\"><\/span><img loading=\"lazy\" decoding=\"async\" width=\"1920\" height=\"1282\" class=\"wp-block-cover__image-background wp-image-142\" alt=\"\" src=\"https:\/\/rheanov.com\/wp-content\/uploads\/2024\/11\/coffee-1869820_1920-2.jpg\" data-object-fit=\"cover\" srcset=\"https:\/\/rheanov.com\/wp-content\/uploads\/2024\/11\/coffee-1869820_1920-2.jpg 1920w, https:\/\/rheanov.com\/wp-content\/uploads\/2024\/11\/coffee-1869820_1920-2-300x200.jpg 300w, https:\/\/rheanov.com\/wp-content\/uploads\/2024\/11\/coffee-1869820_1920-2-1024x684.jpg 1024w, https:\/\/rheanov.com\/wp-content\/uploads\/2024\/11\/coffee-1869820_1920-2-768x513.jpg 768w, https:\/\/rheanov.com\/wp-content\/uploads\/2024\/11\/coffee-1869820_1920-2-1536x1026.jpg 1536w\" sizes=\"auto, (max-width: 1920px) 100vw, 1920px\" \/><div class=\"wp-block-cover__inner-container\"><\/div><\/div>\n\n\n\n<section class=\"wp-block-group alignfull has-text-color has-global-padding is-layout-constrained wp-container-core-group-is-layout-4252d6ba wp-block-group-is-layout-constrained\" style=\"color:#03081e;margin-top:0px;padding-top:6.51rem;padding-right:1rem;padding-bottom:5.5rem;padding-left:1rem;font-size:clamp(0.875rem, 0.875rem + ((1vw - 0.2rem) * 0.464), 1.13rem);font-style:normal;font-weight:400;line-height:1.4\">\n<div class=\"wp-block-group alignfull has-text-color has-global-padding is-layout-constrained wp-container-core-group-is-layout-9f6dfefa wp-block-group-is-layout-constrained\" style=\"color:#252525;margin-top:0px;padding-top:0rem;padding-right:1rem;padding-bottom:0rem;padding-left:1rem;font-size:clamp(0.875rem, 0.875rem + ((1vw - 0.2rem) * 0.464), 1.13rem);font-style:normal;font-weight:400;line-height:1.4\">\n<div class=\"wp-block-group alignwide has-global-padding is-layout-constrained wp-block-group-is-layout-constrained\">\n<div class=\"wp-block-group has-global-padding is-layout-constrained wp-block-group-is-layout-constrained\">\n<h2 class=\"wp-block-heading has-text-align-center has-text-color\" style=\"color:#07277c;margin-bottom:0.51rem;font-size:clamp(1.307rem, 1.307rem + ((1vw - 0.2rem) * 1.46), 2.11rem);font-style:normal;font-weight:500;line-height:1.2\">Formulaire de contact<\/h2>\n\n\n\n<p class=\"has-text-align-center has-text-color has-ibm-plex-sans-font-family\" style=\"color:#575763;margin-top:0rem;font-size:clamp(14px, 0.875rem + ((1vw - 3.2px) * 0.455), 18px);font-style:normal;font-weight:400;line-height:1.5\">Compl\u00e9tez le formulaire en donnant des informations compl\u00e8tes et pr\u00e9cises. <\/p>\n\n\n\n<p class=\"has-text-align-center has-text-color has-ibm-plex-sans-font-family\" style=\"color:#575763;margin-top:0rem;font-size:clamp(14px, 0.875rem + ((1vw - 3.2px) * 0.455), 18px);font-style:normal;font-weight:400;line-height:1.5\">Un agent de Rheanov vous contactera dans les meilleurs d\u00e9lais.<\/p>\n\n\n<style id=\"wpforms-css-vars-136-block-15e41f3c-1455-4730-a4dc-f0255477cab8\">\n\t\t\t\t#wpforms-136.wpforms-block-15e41f3c-1455-4730-a4dc-f0255477cab8 {\n\t\t\t\t--wpforms-field-border-radius: 2.5rem;\n--wpforms-field-background-color: #eff9ff;\n--wpforms-field-border-color: #041e5424;\n--wpforms-field-border-color-spare: #041e5424;\n--wpforms-field-text-color: #041d55;\n--wpforms-button-border-radius: 2.5rem;\n--wpforms-button-background-color: #07277c;\n--wpforms-field-size-input-height: 50px;\n--wpforms-field-size-input-spacing: 20px;\n--wpforms-field-size-font-size: 18px;\n--wpforms-field-size-line-height: 21px;\n--wpforms-field-size-padding-h: 14px;\n--wpforms-field-size-checkbox-size: 18px;\n--wpforms-field-size-sublabel-spacing: 10px;\n--wpforms-field-size-icon-size: 1.25;\n--wpforms-button-size-font-size: 20px;\n--wpforms-button-size-height: 48px;\n--wpforms-button-size-padding-h: 20px;\n--wpforms-button-size-margin-top: 15px;\n\t\t\t}\n\t\t\t<\/style><div class=\"wpforms-container wpforms-container-full wpforms-block wpforms-block-15e41f3c-1455-4730-a4dc-f0255477cab8 wpforms-render-modern\" id=\"wpforms-136\"><form id=\"wpforms-form-136\" class=\"wpforms-validate wpforms-form wpforms-ajax-form\" data-formid=\"136\" method=\"post\" enctype=\"multipart\/form-data\" action=\"\/index.php\/wp-json\/wp\/v2\/pages\/27\" data-token=\"10b707f0489928b25abc0e6d86a1bb80\" data-token-time=\"1775365994\"><noscript class=\"wpforms-error-noscript\">Veuillez activer JavaScript dans votre navigateur pour remplir ce formulaire.<\/noscript><div id=\"wpforms-error-noscript\" style=\"display: none;\">Veuillez activer JavaScript dans votre navigateur pour remplir ce formulaire.<\/div><div class=\"wpforms-field-container\"><div id=\"wpforms-136-field_1-container\" class=\"wpforms-field wpforms-field-name\" data-field-id=\"1\"><label class=\"wpforms-field-label\" for=\"wpforms-136-field_1\">Nom <span class=\"wpforms-required-label\" aria-hidden=\"true\">*<\/span><\/label><input type=\"text\" id=\"wpforms-136-field_1\" class=\"wpforms-field-large wpforms-field-required\" name=\"wpforms[fields][1]\" aria-errormessage=\"wpforms-136-field_1-error\" required><\/div><div id=\"wpforms-136-field_2-container\" class=\"wpforms-field wpforms-field-email\" data-field-id=\"2\"><label class=\"wpforms-field-label\" for=\"wpforms-136-field_2\">E-mail <span class=\"wpforms-required-label\" aria-hidden=\"true\">*<\/span><\/label><input type=\"email\" id=\"wpforms-136-field_2\" class=\"wpforms-field-large wpforms-field-required\" name=\"wpforms[fields][2]\" spellcheck=\"false\" aria-errormessage=\"wpforms-136-field_2-error\" required><\/div>\t\t<div id=\"wpforms-136-field_6-container\"\n\t\t\tclass=\"wpforms-field wpforms-field-text\"\n\t\t\tdata-field-type=\"text\"\n\t\t\tdata-field-id=\"6\"\n\t\t\t>\n\t\t\t<label class=\"wpforms-field-label\" for=\"wpforms-136-field_6\" >Commentaire Nom \u00eates<\/label>\n\t\t\t<input type=\"text\" id=\"wpforms-136-field_6\" class=\"wpforms-field-medium\" name=\"wpforms[fields][6]\" >\n\t\t<\/div>\n\t\t<div id=\"wpforms-136-field_5-container\" class=\"wpforms-field wpforms-field-select wpforms-field-select-style-classic\" data-field-id=\"5\"><label class=\"wpforms-field-label\" for=\"wpforms-136-field_5\">Vous \u00eates<\/label><select id=\"wpforms-136-field_5\" class=\"wpforms-field-medium\" name=\"wpforms[fields][5]\"><option value=\"un particulier\"  class=\"choice-1 depth-1\"  >un particulier<\/option><option value=\"un professionnel\"  class=\"choice-2 depth-1\"  >un professionnel<\/option><\/select><\/div><div id=\"wpforms-136-field_4-container\" class=\"wpforms-field wpforms-field-radio\" data-field-id=\"4\"><fieldset><legend class=\"wpforms-field-label\">Vos besoins<\/legend><ul id=\"wpforms-136-field_4\"><li class=\"choice-1 depth-1\"><input type=\"radio\" id=\"wpforms-136-field_4_1\" name=\"wpforms[fields][4]\" value=\"R\u00e9novation int\u00e9rieure\" aria-errormessage=\"wpforms-136-field_4_1-error\"  ><label class=\"wpforms-field-label-inline\" for=\"wpforms-136-field_4_1\">R\u00e9novation int\u00e9rieure<\/label><\/li><li class=\"choice-4 depth-1\"><input type=\"radio\" id=\"wpforms-136-field_4_4\" name=\"wpforms[fields][4]\" value=\"R\u00e9novation ext\u00e9rieure\" aria-errormessage=\"wpforms-136-field_4_4-error\"  ><label class=\"wpforms-field-label-inline\" for=\"wpforms-136-field_4_4\">R\u00e9novation ext\u00e9rieure<\/label><\/li><li class=\"choice-2 depth-1\"><input type=\"radio\" id=\"wpforms-136-field_4_2\" name=\"wpforms[fields][4]\" value=\"Intervention urgente\" aria-errormessage=\"wpforms-136-field_4_2-error\"  ><label class=\"wpforms-field-label-inline\" for=\"wpforms-136-field_4_2\">Intervention urgente<\/label><\/li><li class=\"choice-3 depth-1\"><input type=\"radio\" id=\"wpforms-136-field_4_3\" name=\"wpforms[fields][4]\" value=\"R\u00e9novation \u00e9nerg\u00e9tique\" aria-errormessage=\"wpforms-136-field_4_3-error\"  ><label class=\"wpforms-field-label-inline\" for=\"wpforms-136-field_4_3\">R\u00e9novation \u00e9nerg\u00e9tique<\/label><\/li><\/ul><\/fieldset><\/div><div id=\"wpforms-136-field_3-container\" class=\"wpforms-field wpforms-field-textarea\" data-field-id=\"3\"><label class=\"wpforms-field-label\" for=\"wpforms-136-field_3\">Commentaire ou message<\/label><textarea id=\"wpforms-136-field_3\" class=\"wpforms-field-medium\" name=\"wpforms[fields][3]\" aria-errormessage=\"wpforms-136-field_3-error\" ><\/textarea><\/div><script>\n\t\t\t\t( function() {\n\t\t\t\t\tconst style = document.createElement( 'style' );\n\t\t\t\t\tstyle.appendChild( document.createTextNode( '#wpforms-136-field_6-container { position: absolute !important; overflow: hidden !important; display: inline !important; height: 1px !important; width: 1px !important; z-index: -1000 !important; padding: 0 !important; } #wpforms-136-field_6-container input { visibility: hidden; } #wpforms-conversational-form-page #wpforms-136-field_6-container label { counter-increment: none; }' ) );\n\t\t\t\t\tdocument.head.appendChild( style );\n\t\t\t\t\tdocument.currentScript?.remove();\n\t\t\t\t} )();\n\t\t\t<\/script><\/div><!-- .wpforms-field-container --><div class=\"wpforms-submit-container\" ><input type=\"hidden\" name=\"wpforms[id]\" value=\"136\"><input type=\"hidden\" name=\"page_title\" value=\"\"><input type=\"hidden\" name=\"page_url\" value=\"https:\/\/rheanov.com\/index.php\/wp-json\/wp\/v2\/pages\/27\"><input type=\"hidden\" name=\"url_referer\" value=\"\"><button type=\"submit\" name=\"wpforms[submit]\" id=\"wpforms-submit-136\" class=\"wpforms-submit\" data-alt-text=\"Envoi...\" data-submit-text=\"Envoyer\" aria-live=\"assertive\" value=\"wpforms-submit\">Envoyer<\/button><img loading=\"lazy\" decoding=\"async\" src=\"https:\/\/rheanov.com\/wp-content\/plugins\/wpforms-lite\/assets\/images\/submit-spin.svg\" class=\"wpforms-submit-spinner\" style=\"display: none;\" width=\"26\" height=\"26\" alt=\"Chargement en cours\"><\/div><\/form><\/div>  <!-- .wpforms-container --><\/div>\n<\/div>\n<\/div>\n<\/section>\n","protected":false},"excerpt":{"rendered":"<p>Formulaire de contact Compl\u00e9tez le formulaire en donnant des informations compl\u00e8tes et pr\u00e9cises. Un agent de Rheanov vous contactera dans les meilleurs d\u00e9lais.<\/p>\n","protected":false},"author":1,"featured_media":0,"parent":0,"menu_order":0,"comment_status":"closed","ping_status":"closed","template":"","meta":{"footnotes":""},"class_list":["post-27","page","type-page","status-publish","hentry"],"yoast_head":"<!-- This site is optimized with the Yoast SEO plugin v26.9 - https:\/\/yoast.com\/product\/yoast-seo-wordpress\/ -->\n<title>Contact - Rheanov<\/title>\n<meta name=\"description\" content=\"Compl\u00e9tez le formulaire de contact et un agent de Rheanov vous contactera dans les meilleurs d\u00e9lais.\" \/>\n<meta name=\"robots\" content=\"index, follow, max-snippet:-1, max-image-preview:large, max-video-preview:-1\" \/>\n<link rel=\"canonical\" href=\"https:\/\/rheanov.com\/index.php\/contact\/\" \/>\n<meta property=\"og:locale\" content=\"fr_FR\" \/>\n<meta property=\"og:type\" content=\"article\" \/>\n<meta property=\"og:title\" content=\"Contact - Rheanov\" \/>\n<meta property=\"og:description\" content=\"Compl\u00e9tez le formulaire de contact et un agent de Rheanov vous contactera dans les meilleurs d\u00e9lais.\" \/>\n<meta property=\"og:url\" content=\"https:\/\/rheanov.com\/index.php\/contact\/\" \/>\n<meta property=\"og:site_name\" content=\"Rheanov\" \/>\n<meta property=\"article:publisher\" content=\"https:\/\/www.instagram.com\/rheanov_courtier_en_travaux\/\" \/>\n<meta property=\"article:modified_time\" content=\"2025-01-28T17:36:46+00:00\" \/>\n<meta property=\"og:image\" content=\"https:\/\/rheanov.com\/wp-content\/uploads\/2024\/11\/coffee-1869820_1920-2.jpg\" \/>\n\t<meta property=\"og:image:width\" content=\"1920\" \/>\n\t<meta property=\"og:image:height\" content=\"1282\" \/>\n\t<meta property=\"og:image:type\" content=\"image\/jpeg\" \/>\n<meta name=\"twitter:card\" content=\"summary_large_image\" \/>\n<meta name=\"twitter:label1\" content=\"Dur\u00e9e de lecture estim\u00e9e\" \/>\n\t<meta name=\"twitter:data1\" content=\"1 minute\" \/>\n<script type=\"application\/ld+json\" class=\"yoast-schema-graph\">{\"@context\":\"https:\/\/schema.org\",\"@graph\":[{\"@type\":\"WebPage\",\"@id\":\"https:\/\/rheanov.com\/index.php\/contact\/\",\"url\":\"https:\/\/rheanov.com\/index.php\/contact\/\",\"name\":\"Contact - Rheanov\",\"isPartOf\":{\"@id\":\"https:\/\/rheanov.com\/#website\"},\"primaryImageOfPage\":{\"@id\":\"https:\/\/rheanov.com\/index.php\/contact\/#primaryimage\"},\"image\":{\"@id\":\"https:\/\/rheanov.com\/index.php\/contact\/#primaryimage\"},\"thumbnailUrl\":\"https:\/\/rheanov.com\/wp-content\/uploads\/2024\/11\/coffee-1869820_1920-2.jpg\",\"datePublished\":\"2024-11-14T14:02:58+00:00\",\"dateModified\":\"2025-01-28T17:36:46+00:00\",\"description\":\"Compl\u00e9tez le formulaire de contact et un agent de Rheanov vous contactera dans les meilleurs d\u00e9lais.\",\"breadcrumb\":{\"@id\":\"https:\/\/rheanov.com\/index.php\/contact\/#breadcrumb\"},\"inLanguage\":\"fr-FR\",\"potentialAction\":[{\"@type\":\"ReadAction\",\"target\":[\"https:\/\/rheanov.com\/index.php\/contact\/\"]}]},{\"@type\":\"ImageObject\",\"inLanguage\":\"fr-FR\",\"@id\":\"https:\/\/rheanov.com\/index.php\/contact\/#primaryimage\",\"url\":\"https:\/\/rheanov.com\/wp-content\/uploads\/2024\/11\/coffee-1869820_1920-2.jpg\",\"contentUrl\":\"https:\/\/rheanov.com\/wp-content\/uploads\/2024\/11\/coffee-1869820_1920-2.jpg\",\"width\":1920,\"height\":1282},{\"@type\":\"BreadcrumbList\",\"@id\":\"https:\/\/rheanov.com\/index.php\/contact\/#breadcrumb\",\"itemListElement\":[{\"@type\":\"ListItem\",\"position\":1,\"name\":\"Accueil\",\"item\":\"https:\/\/rheanov.com\/\"},{\"@type\":\"ListItem\",\"position\":2,\"name\":\"Contact\"}]},{\"@type\":\"WebSite\",\"@id\":\"https:\/\/rheanov.com\/#website\",\"url\":\"https:\/\/rheanov.com\/\",\"name\":\"Rheanov\",\"description\":\"\",\"publisher\":{\"@id\":\"https:\/\/rheanov.com\/#organization\"},\"potentialAction\":[{\"@type\":\"SearchAction\",\"target\":{\"@type\":\"EntryPoint\",\"urlTemplate\":\"https:\/\/rheanov.com\/?s={search_term_string}\"},\"query-input\":{\"@type\":\"PropertyValueSpecification\",\"valueRequired\":true,\"valueName\":\"search_term_string\"}}],\"inLanguage\":\"fr-FR\"},{\"@type\":\"Organization\",\"@id\":\"https:\/\/rheanov.com\/#organization\",\"name\":\"Rheanov\",\"url\":\"https:\/\/rheanov.com\/\",\"logo\":{\"@type\":\"ImageObject\",\"inLanguage\":\"fr-FR\",\"@id\":\"https:\/\/rheanov.com\/#\/schema\/logo\/image\/\",\"url\":\"https:\/\/rheanov.com\/wp-content\/uploads\/2025\/01\/cropped-RHEANOV-Logo-carre-sans-inscription.png\",\"contentUrl\":\"https:\/\/rheanov.com\/wp-content\/uploads\/2025\/01\/cropped-RHEANOV-Logo-carre-sans-inscription.png\",\"width\":512,\"height\":512,\"caption\":\"Rheanov\"},\"image\":{\"@id\":\"https:\/\/rheanov.com\/#\/schema\/logo\/image\/\"},\"sameAs\":[\"https:\/\/www.instagram.com\/rheanov_courtier_en_travaux\/\"]}]}<\/script>\n<!-- \/ Yoast SEO plugin. -->","yoast_head_json":{"title":"Contact - Rheanov","description":"Compl\u00e9tez le formulaire de contact et un agent de Rheanov vous contactera dans les meilleurs d\u00e9lais.","robots":{"index":"index","follow":"follow","max-snippet":"max-snippet:-1","max-image-preview":"max-image-preview:large","max-video-preview":"max-video-preview:-1"},"canonical":"https:\/\/rheanov.com\/index.php\/contact\/","og_locale":"fr_FR","og_type":"article","og_title":"Contact - Rheanov","og_description":"Compl\u00e9tez le formulaire de contact et un agent de Rheanov vous contactera dans les meilleurs d\u00e9lais.","og_url":"https:\/\/rheanov.com\/index.php\/contact\/","og_site_name":"Rheanov","article_publisher":"https:\/\/www.instagram.com\/rheanov_courtier_en_travaux\/","article_modified_time":"2025-01-28T17:36:46+00:00","og_image":[{"width":1920,"height":1282,"url":"https:\/\/rheanov.com\/wp-content\/uploads\/2024\/11\/coffee-1869820_1920-2.jpg","type":"image\/jpeg"}],"twitter_card":"summary_large_image","twitter_misc":{"Dur\u00e9e de lecture estim\u00e9e":"1 minute"},"schema":{"@context":"https:\/\/schema.org","@graph":[{"@type":"WebPage","@id":"https:\/\/rheanov.com\/index.php\/contact\/","url":"https:\/\/rheanov.com\/index.php\/contact\/","name":"Contact - Rheanov","isPartOf":{"@id":"https:\/\/rheanov.com\/#website"},"primaryImageOfPage":{"@id":"https:\/\/rheanov.com\/index.php\/contact\/#primaryimage"},"image":{"@id":"https:\/\/rheanov.com\/index.php\/contact\/#primaryimage"},"thumbnailUrl":"https:\/\/rheanov.com\/wp-content\/uploads\/2024\/11\/coffee-1869820_1920-2.jpg","datePublished":"2024-11-14T14:02:58+00:00","dateModified":"2025-01-28T17:36:46+00:00","description":"Compl\u00e9tez le formulaire de contact et un agent de Rheanov vous contactera dans les meilleurs d\u00e9lais.","breadcrumb":{"@id":"https:\/\/rheanov.com\/index.php\/contact\/#breadcrumb"},"inLanguage":"fr-FR","potentialAction":[{"@type":"ReadAction","target":["https:\/\/rheanov.com\/index.php\/contact\/"]}]},{"@type":"ImageObject","inLanguage":"fr-FR","@id":"https:\/\/rheanov.com\/index.php\/contact\/#primaryimage","url":"https:\/\/rheanov.com\/wp-content\/uploads\/2024\/11\/coffee-1869820_1920-2.jpg","contentUrl":"https:\/\/rheanov.com\/wp-content\/uploads\/2024\/11\/coffee-1869820_1920-2.jpg","width":1920,"height":1282},{"@type":"BreadcrumbList","@id":"https:\/\/rheanov.com\/index.php\/contact\/#breadcrumb","itemListElement":[{"@type":"ListItem","position":1,"name":"Accueil","item":"https:\/\/rheanov.com\/"},{"@type":"ListItem","position":2,"name":"Contact"}]},{"@type":"WebSite","@id":"https:\/\/rheanov.com\/#website","url":"https:\/\/rheanov.com\/","name":"Rheanov","description":"","publisher":{"@id":"https:\/\/rheanov.com\/#organization"},"potentialAction":[{"@type":"SearchAction","target":{"@type":"EntryPoint","urlTemplate":"https:\/\/rheanov.com\/?s={search_term_string}"},"query-input":{"@type":"PropertyValueSpecification","valueRequired":true,"valueName":"search_term_string"}}],"inLanguage":"fr-FR"},{"@type":"Organization","@id":"https:\/\/rheanov.com\/#organization","name":"Rheanov","url":"https:\/\/rheanov.com\/","logo":{"@type":"ImageObject","inLanguage":"fr-FR","@id":"https:\/\/rheanov.com\/#\/schema\/logo\/image\/","url":"https:\/\/rheanov.com\/wp-content\/uploads\/2025\/01\/cropped-RHEANOV-Logo-carre-sans-inscription.png","contentUrl":"https:\/\/rheanov.com\/wp-content\/uploads\/2025\/01\/cropped-RHEANOV-Logo-carre-sans-inscription.png","width":512,"height":512,"caption":"Rheanov"},"image":{"@id":"https:\/\/rheanov.com\/#\/schema\/logo\/image\/"},"sameAs":["https:\/\/www.instagram.com\/rheanov_courtier_en_travaux\/"]}]}},"_links":{"self":[{"href":"https:\/\/rheanov.com\/index.php\/wp-json\/wp\/v2\/pages\/27","targetHints":{"allow":["GET"]}}],"collection":[{"href":"https:\/\/rheanov.com\/index.php\/wp-json\/wp\/v2\/pages"}],"about":[{"href":"https:\/\/rheanov.com\/index.php\/wp-json\/wp\/v2\/types\/page"}],"author":[{"embeddable":true,"href":"https:\/\/rheanov.com\/index.php\/wp-json\/wp\/v2\/users\/1"}],"replies":[{"embeddable":true,"href":"https:\/\/rheanov.com\/index.php\/wp-json\/wp\/v2\/comments?post=27"}],"version-history":[{"count":14,"href":"https:\/\/rheanov.com\/index.php\/wp-json\/wp\/v2\/pages\/27\/revisions"}],"predecessor-version":[{"id":880,"href":"https:\/\/rheanov.com\/index.php\/wp-json\/wp\/v2\/pages\/27\/revisions\/880"}],"wp:attachment":[{"href":"https:\/\/rheanov.com\/index.php\/wp-json\/wp\/v2\/media?parent=27"}],"curies":[{"name":"wp","href":"https:\/\/api.w.org\/{rel}","templated":true}]}}